{"id":46,"date":"2024-09-13T18:01:04","date_gmt":"2024-09-13T16:01:04","guid":{"rendered":"https:\/\/unmannedpolsl.wordpress.com\/?page_id=46"},"modified":"2024-09-13T18:01:04","modified_gmt":"2024-09-13T16:01:04","slug":"nasi-partnerzy","status":"publish","type":"page","link":"https:\/\/sknunmanned.polsl.pl\/?page_id=46","title":{"rendered":"Nasi partnerzy"},"content":{"rendered":"\n<div class=\"wp-block-group alignwide is-vertical is-content-justification-center is-layout-flex wp-container-core-group-is-layout-ce155fab wp-block-group-is-layout-flex\">\n<p>O\u015brodek Kszta\u0142cenia Lotniczego \u2013 Airborn Sp. z o.o.<\/p>\n\n\n\n<figure class=\"wp-block-image size-large is-resized\"><img loading=\"lazy\" decoding=\"async\" width=\"1077\" height=\"228\" src=\"https:\/\/sknunmanned.polsl.pl\/wp-content\/uploads\/2025\/04\/cropped-airborn.png.png?w=1024\" alt=\"\" class=\"wp-image-242\" style=\"width:329px;height:auto\" srcset=\"https:\/\/sknunmanned.polsl.pl\/wp-content\/uploads\/2025\/04\/cropped-airborn.png.png 1077w, https:\/\/sknunmanned.polsl.pl\/wp-content\/uploads\/2025\/04\/cropped-airborn.png-300x64.png 300w, https:\/\/sknunmanned.polsl.pl\/wp-content\/uploads\/2025\/04\/cropped-airborn.png-1024x217.png 1024w, https:\/\/sknunmanned.polsl.pl\/wp-content\/uploads\/2025\/04\/cropped-airborn.png-768x163.png 768w\" sizes=\"auto, (max-width: 1077px) 100vw, 1077px\" \/><\/figure>\n\n\n\n<p class=\"has-text-align-center\">&#8222;SKYPORT&#8221; Bran\u017cowe Centrum Umiej\u0119tno\u015bci w Katowicach <\/p>\n\n\n\n<figure class=\"wp-block-image size-large is-resized\"><a href=\"https:\/\/bcuskyport.katowice.pl\"><img loading=\"lazy\" decoding=\"async\" width=\"516\" height=\"346\" src=\"https:\/\/sknunmanned.polsl.pl\/wp-content\/uploads\/2024\/09\/logo1.jpg?w=516\" alt=\"\" class=\"wp-image-47\" style=\"width:291px;height:auto\" srcset=\"https:\/\/sknunmanned.polsl.pl\/wp-content\/uploads\/2024\/09\/logo1.jpg 516w, https:\/\/sknunmanned.polsl.pl\/wp-content\/uploads\/2024\/09\/logo1-300x201.jpg 300w\" sizes=\"auto, (max-width: 516px) 100vw, 516px\" \/><\/a><\/figure>\n\n\n\n<hr class=\"wp-block-separator has-alpha-channel-opacity\" \/>\n\n\n\n<p>ESRI Polska Sp. z o.o.<\/p>\n\n\n\n<figure class=\"wp-block-image size-large is-resized\"><a href=\"https:\/\/www.esri.pl\"><img loading=\"lazy\" decoding=\"async\" width=\"1089\" height=\"335\" src=\"https:\/\/sknunmanned.polsl.pl\/wp-content\/uploads\/2024\/09\/esri_polska_emblem_tag-r_srgb.png?w=1024\" alt=\"\" class=\"wp-image-48\" style=\"width:531px;height:auto\" srcset=\"https:\/\/sknunmanned.polsl.pl\/wp-content\/uploads\/2024\/09\/esri_polska_emblem_tag-r_srgb.png 1089w, https:\/\/sknunmanned.polsl.pl\/wp-content\/uploads\/2024\/09\/esri_polska_emblem_tag-r_srgb-300x92.png 300w, https:\/\/sknunmanned.polsl.pl\/wp-content\/uploads\/2024\/09\/esri_polska_emblem_tag-r_srgb-1024x315.png 1024w, https:\/\/sknunmanned.polsl.pl\/wp-content\/uploads\/2024\/09\/esri_polska_emblem_tag-r_srgb-768x236.png 768w\" sizes=\"auto, (max-width: 1089px) 100vw, 1089px\" \/><\/a><\/figure>\n\n\n\n<hr class=\"wp-block-separator has-alpha-channel-opacity\" \/>\n\n\n\n<p>Polska Agencja \u017beglugi Powietrznej <\/p>\n\n\n\n<figure class=\"wp-block-image size-large is-resized\"><img loading=\"lazy\" decoding=\"async\" width=\"1562\" height=\"462\" src=\"https:\/\/sknunmanned.polsl.pl\/wp-content\/uploads\/2024\/12\/tempimageze7lwf.jpg?w=1024\" alt=\"\" class=\"wp-image-214\" style=\"width:467px;height:auto\" srcset=\"https:\/\/sknunmanned.polsl.pl\/wp-content\/uploads\/2024\/12\/tempimageze7lwf.jpg 1562w, https:\/\/sknunmanned.polsl.pl\/wp-content\/uploads\/2024\/12\/tempimageze7lwf-300x89.jpg 300w, https:\/\/sknunmanned.polsl.pl\/wp-content\/uploads\/2024\/12\/tempimageze7lwf-1024x303.jpg 1024w, https:\/\/sknunmanned.polsl.pl\/wp-content\/uploads\/2024\/12\/tempimageze7lwf-768x227.jpg 768w, https:\/\/sknunmanned.polsl.pl\/wp-content\/uploads\/2024\/12\/tempimageze7lwf-1536x454.jpg 1536w\" sizes=\"auto, (max-width: 1562px) 100vw, 1562px\" \/><\/figure>\n\n\n\n<p class=\"has-text-align-center\">To w\u0142a\u015bnie dzi\u0119ki Wam &#8211; Drodzy Partnerzy mo\u017cemy realizowa\u0107 nasze projekty! Dzi\u0119kujemy!<\/p>\n\n\n\n<p class=\"has-text-align-center\">Je\u015bli chcesz zosta\u0107 Partnerem SKN UNMANNED skontaktuj si\u0119 z Nami: <em>skn.unmanned@polsl.pl<\/em><\/p>\n<\/div>\n","protected":false},"excerpt":{"rendered":"<p>O\u015brodek Kszta\u0142cenia Lotniczego \u2013 Airborn Sp. z o.o. &#8222;SKYPORT&#8221; Bran\u017cowe Centrum Umiej\u0119tno\u015bci w Katowicach ESRI Polska Sp. z o.o. Polska Agencja \u017beglugi Powietrznej To w\u0142a\u015bnie dzi\u0119ki Wam &#8211; Drodzy Partnerzy mo\u017cemy realizowa\u0107 nasze projekty! Dzi\u0119kujemy! Je\u015bli chcesz zosta\u0107 Partnerem SKN UNMANNED skontaktuj si\u0119 z Nami: skn.unmanned@polsl.pl<\/p>\n","protected":false},"author":3,"featured_media":0,"parent":0,"menu_order":0,"comment_status":"closed","ping_status":"closed","template":"","meta":{"footnotes":""},"class_list":["post-46","page","type-page","status-publish","hentry"],"_links":{"self":[{"href":"https:\/\/sknunmanned.polsl.pl\/index.php?rest_route=\/wp\/v2\/pages\/46","targetHints":{"allow":["GET"]}}],"collection":[{"href":"https:\/\/sknunmanned.polsl.pl\/index.php?rest_route=\/wp\/v2\/pages"}],"about":[{"href":"https:\/\/sknunmanned.polsl.pl\/index.php?rest_route=\/wp\/v2\/types\/page"}],"author":[{"embeddable":true,"href":"https:\/\/sknunmanned.polsl.pl\/index.php?rest_route=\/wp\/v2\/users\/3"}],"replies":[{"embeddable":true,"href":"https:\/\/sknunmanned.polsl.pl\/index.php?rest_route=%2Fwp%2Fv2%2Fcomments&post=46"}],"version-history":[{"count":0,"href":"https:\/\/sknunmanned.polsl.pl\/index.php?rest_route=\/wp\/v2\/pages\/46\/revisions"}],"wp:attachment":[{"href":"https:\/\/sknunmanned.polsl.pl\/index.php?rest_route=%2Fwp%2Fv2%2Fmedia&parent=46"}],"curies":[{"name":"wp","href":"https:\/\/api.w.org\/{rel}","templated":true}]}}