{"id":40,"date":"2024-09-13T17:51:07","date_gmt":"2024-09-13T15:51:07","guid":{"rendered":"https:\/\/unmannedpolsl.wordpress.com\/?page_id=40"},"modified":"2024-09-13T17:51:07","modified_gmt":"2024-09-13T15:51:07","slug":"czlonkowie-skn-unmanned","status":"publish","type":"page","link":"https:\/\/sknunmanned.polsl.pl\/?page_id=40","title":{"rendered":"Cz\u0142onkowie SKN UNMANNED"},"content":{"rendered":"\n<figure class=\"wp-block-image size-large\"><img loading=\"lazy\" decoding=\"async\" width=\"1448\" height=\"1360\" src=\"https:\/\/sknunmanned.polsl.pl\/wp-content\/uploads\/2024\/09\/zrzut-ekranu-2024-09-16-o-14.15.09.png?w=1024\" alt=\"\" class=\"wp-image-200\" srcset=\"https:\/\/sknunmanned.polsl.pl\/wp-content\/uploads\/2024\/09\/zrzut-ekranu-2024-09-16-o-14.15.09.png 1448w, https:\/\/sknunmanned.polsl.pl\/wp-content\/uploads\/2024\/09\/zrzut-ekranu-2024-09-16-o-14.15.09-300x282.png 300w, https:\/\/sknunmanned.polsl.pl\/wp-content\/uploads\/2024\/09\/zrzut-ekranu-2024-09-16-o-14.15.09-1024x962.png 1024w, https:\/\/sknunmanned.polsl.pl\/wp-content\/uploads\/2024\/09\/zrzut-ekranu-2024-09-16-o-14.15.09-768x721.png 768w\" sizes=\"auto, (max-width: 1448px) 100vw, 1448px\" \/><\/figure>\n\n\n\n<h1 class=\"wp-block-heading\"><strong>OBECNY SK\u0141AD SKN UNMANNED: <\/strong><\/h1>\n\n\n\n<ul class=\"wp-block-list\">\n<li>Maja FORYCIARZ &#8211; Transport 3 rok, spec. nawigacja powietrzna<\/li>\n\n\n\n<li>Adam TOMASZEWSKI &#8211; Transport 3 rok, spec. nawigacja powietrzna<\/li>\n\n\n\n<li>Szymon DULAK &#8211; Transport 3 rok, spec. mechanika i eksploatacja lotnicza <\/li>\n\n\n\n<li>Szymon \u0141OJKO &#8211; Transport 3 rok, spec. nawigacja powietrzna<\/li>\n\n\n\n<li>Mateusz MUCHA &#8211; Transport 3 rok, spec. mechanika i eksploatacja lotnicza<\/li>\n\n\n\n<li>Nikodem NOKIELSKI &#8211; In\u017cynieria Lotnicza i Kosmiczna 3 rok<\/li>\n\n\n\n<li>Patrycja O\u0141UBEK &#8211; Transport 2 rok<\/li>\n\n\n\n<li>Jagoda PECZY\u0143SKA &#8211; Transport 3 rok, spec. nawigacja powietrzna<\/li>\n\n\n\n<li>Adam PI\u0141AT &#8211; Transport 3 rok, spec. mechanika i eksploatacja lotnicza <\/li>\n\n\n\n<li>Konrad PI\u00d3RKOWSKI &#8211; Transport 2 rok <\/li>\n\n\n\n<li>Jakub RYMASZEWSKI &#8211; Transport 3 rok, spec. nawigacja powietrzna<\/li>\n\n\n\n<li>Rafa\u0142 SOLECKI &#8211; In\u017cynieria Lotnicza i Kosmiczna 3 rok<\/li>\n\n\n\n<li>Karol HACHU\u0141A <\/li>\n\n\n\n<li>Ivan KHALIMENDYKOV<\/li>\n\n\n\n<li>Kamil ORNOWSKI <\/li>\n\n\n\n<li>Krystian FILIPEK <\/li>\n\n\n\n<li>Ebru KULECI<\/li>\n\n\n\n<li>Habiba HAKIEM<\/li>\n\n\n\n<li>Zofia BRODZI\u0143SKA<\/li>\n\n\n\n<li>Jakub BOCZEK<\/li>\n\n\n\n<li>Tomasz GOLINOWSKI<\/li>\n\n\n\n<li>Jakub CIURKOT <\/li>\n\n\n\n<li>Kamil ULMAN<\/li>\n<\/ul>\n\n\n\n<h1 class=\"wp-block-heading\" id=\"block-9111e210-1e61-4e0e-947a-666c4cc96fb3\"><strong>OPIEKUN KO\u0141A:<\/strong><\/h1>\n\n\n\n<div class=\"wp-block-group is-nowrap is-layout-flex wp-container-core-group-is-layout-6c531013 wp-block-group-is-layout-flex\">\n<figure class=\"wp-block-image size-large is-resized\"><img decoding=\"async\" src=\"https:\/\/www.polsl.pl\/rt3\/wp-content\/uploads\/sites\/123\/2024\/04\/DSC01248-Edit-768x792.jpg\" alt=\"\" style=\"width:289px;height:auto\" \/><\/figure>\n\n\n\n<h3 class=\"wp-block-heading\">Dr hab. in\u017c. Marek Marcisz, profesor Politechniki \u015al\u0105skiej         <\/h3>\n<\/div>\n","protected":false},"excerpt":{"rendered":"<p>OBECNY SK\u0141AD SKN UNMANNED: OPIEKUN KO\u0141A: Dr hab. in\u017c. Marek Marcisz, profesor Politechniki \u015al\u0105skiej<\/p>\n","protected":false},"author":3,"featured_media":0,"parent":0,"menu_order":0,"comment_status":"closed","ping_status":"closed","template":"","meta":{"footnotes":""},"class_list":["post-40","page","type-page","status-publish","hentry"],"_links":{"self":[{"href":"https:\/\/sknunmanned.polsl.pl\/index.php?rest_route=\/wp\/v2\/pages\/40","targetHints":{"allow":["GET"]}}],"collection":[{"href":"https:\/\/sknunmanned.polsl.pl\/index.php?rest_route=\/wp\/v2\/pages"}],"about":[{"href":"https:\/\/sknunmanned.polsl.pl\/index.php?rest_route=\/wp\/v2\/types\/page"}],"author":[{"embeddable":true,"href":"https:\/\/sknunmanned.polsl.pl\/index.php?rest_route=\/wp\/v2\/users\/3"}],"replies":[{"embeddable":true,"href":"https:\/\/sknunmanned.polsl.pl\/index.php?rest_route=%2Fwp%2Fv2%2Fcomments&post=40"}],"version-history":[{"count":0,"href":"https:\/\/sknunmanned.polsl.pl\/index.php?rest_route=\/wp\/v2\/pages\/40\/revisions"}],"wp:attachment":[{"href":"https:\/\/sknunmanned.polsl.pl\/index.php?rest_route=%2Fwp%2Fv2%2Fmedia&parent=40"}],"curies":[{"name":"wp","href":"https:\/\/api.w.org\/{rel}","templated":true}]}}