{"id":279,"date":"2024-07-07T13:30:21","date_gmt":"2024-07-07T13:30:21","guid":{"rendered":"http:\/\/unmannedpolsl.wordpress.com\/?page_id=1"},"modified":"2024-07-07T13:30:21","modified_gmt":"2024-07-07T13:30:21","slug":"informacje","status":"publish","type":"page","link":"https:\/\/sknunmanned.polsl.pl\/?page_id=279","title":{"rendered":"O nas"},"content":{"rendered":"\n<p class=\"has-text-align-left\">Studenckie Ko\u0142o Naukowe UNMANNED <strong>powsta\u0142o 01.06.2022<\/strong> na Wydziale Transportu i In\u017cynierii Lotniczej Politechniki \u015al\u0105skiej w Katowicach.<\/p>\n\n\n\n<figure class=\"wp-block-image size-large is-resized\"><img loading=\"lazy\" decoding=\"async\" width=\"2048\" height=\"1365\" src=\"https:\/\/sknunmanned.polsl.pl\/wp-content\/uploads\/2024\/09\/447706022_425799640339694_7674830438153540516_n.jpg?w=1024\" alt=\"\" class=\"wp-image-60\" style=\"width:700px;height:auto\" srcset=\"https:\/\/sknunmanned.polsl.pl\/wp-content\/uploads\/2024\/09\/447706022_425799640339694_7674830438153540516_n.jpg 2048w, https:\/\/sknunmanned.polsl.pl\/wp-content\/uploads\/2024\/09\/447706022_425799640339694_7674830438153540516_n-300x200.jpg 300w, https:\/\/sknunmanned.polsl.pl\/wp-content\/uploads\/2024\/09\/447706022_425799640339694_7674830438153540516_n-1024x683.jpg 1024w, https:\/\/sknunmanned.polsl.pl\/wp-content\/uploads\/2024\/09\/447706022_425799640339694_7674830438153540516_n-768x512.jpg 768w, https:\/\/sknunmanned.polsl.pl\/wp-content\/uploads\/2024\/09\/447706022_425799640339694_7674830438153540516_n-1536x1024.jpg 1536w\" sizes=\"auto, (max-width: 2048px) 100vw, 2048px\" \/><\/figure>\n\n\n\n<p>Do cel\u00f3w statutowych ko\u0142a nale\u017c\u0105 m.in. przygotowanie i przeprowadzanie bada\u0144 naukowych w zakresie u\u017cytkowania i rozwoju bezza\u0142ogowych statk\u00f3w powietrznych,&nbsp;autorstwo artyku\u0142\u00f3w popularno-naukowych oraz udzia\u0142 w konferencjach naukowych, poszerzanie wiedzy cz\u0142onk\u00f3w SKN UNMANNED w zakresie zastosowa\u0144 i mo\u017cliwo\u015bci wykorzystania bezza\u0142ogowych statk\u00f3w powietrznych czy promocja technologii BSP i wsp\u00f3\u0142praca z o\u015brodkami i instytucjami zewn\u0119trznymi.<\/p>\n\n\n\n<div class=\"wp-block-jetpack-slideshow aligncenter\" data-effect=\"slide\"><div class=\"wp-block-jetpack-slideshow_container swiper-container\"><ul class=\"wp-block-jetpack-slideshow_swiper-wrapper swiper-wrapper\"><li class=\"wp-block-jetpack-slideshow_slide swiper-slide\"><figure><img loading=\"lazy\" decoding=\"async\" width=\"2048\" height=\"1542\" alt=\"\" class=\"wp-block-jetpack-slideshow_image wp-image-64\" data-id=\"64\" src=\"https:\/\/sknunmanned.polsl.pl\/wp-content\/uploads\/2024\/09\/442485980_417872647799060_3313665705893250122_n-1.jpg\" srcset=\"https:\/\/sknunmanned.polsl.pl\/wp-content\/uploads\/2024\/09\/442485980_417872647799060_3313665705893250122_n-1.jpg 2048w, https:\/\/sknunmanned.polsl.pl\/wp-content\/uploads\/2024\/09\/442485980_417872647799060_3313665705893250122_n-1-300x226.jpg 300w, https:\/\/sknunmanned.polsl.pl\/wp-content\/uploads\/2024\/09\/442485980_417872647799060_3313665705893250122_n-1-1024x771.jpg 1024w, https:\/\/sknunmanned.polsl.pl\/wp-content\/uploads\/2024\/09\/442485980_417872647799060_3313665705893250122_n-1-768x578.jpg 768w, https:\/\/sknunmanned.polsl.pl\/wp-content\/uploads\/2024\/09\/442485980_417872647799060_3313665705893250122_n-1-1536x1157.jpg 1536w\" sizes=\"auto, (max-width: 2048px) 100vw, 2048px\" \/><\/figure><\/li><li class=\"wp-block-jetpack-slideshow_slide swiper-slide\"><figure><img loading=\"lazy\" decoding=\"async\" width=\"1153\" height=\"2048\" alt=\"\" class=\"wp-block-jetpack-slideshow_image wp-image-63\" data-id=\"63\" src=\"https:\/\/sknunmanned.polsl.pl\/wp-content\/uploads\/2024\/09\/442494465_417872704465721_547247651201561826_n.jpg\" srcset=\"https:\/\/sknunmanned.polsl.pl\/wp-content\/uploads\/2024\/09\/442494465_417872704465721_547247651201561826_n.jpg 1153w, https:\/\/sknunmanned.polsl.pl\/wp-content\/uploads\/2024\/09\/442494465_417872704465721_547247651201561826_n-169x300.jpg 169w, https:\/\/sknunmanned.polsl.pl\/wp-content\/uploads\/2024\/09\/442494465_417872704465721_547247651201561826_n-577x1024.jpg 577w, https:\/\/sknunmanned.polsl.pl\/wp-content\/uploads\/2024\/09\/442494465_417872704465721_547247651201561826_n-768x1364.jpg 768w, https:\/\/sknunmanned.polsl.pl\/wp-content\/uploads\/2024\/09\/442494465_417872704465721_547247651201561826_n-865x1536.jpg 865w\" sizes=\"auto, (max-width: 1153px) 100vw, 1153px\" \/><\/figure><\/li><li class=\"wp-block-jetpack-slideshow_slide swiper-slide\"><figure><img loading=\"lazy\" decoding=\"async\" width=\"1153\" height=\"2048\" alt=\"\" class=\"wp-block-jetpack-slideshow_image wp-image-61\" data-id=\"61\" src=\"https:\/\/sknunmanned.polsl.pl\/wp-content\/uploads\/2024\/09\/442499919_417872767799048_7396091968380389483_n.jpg\" srcset=\"https:\/\/sknunmanned.polsl.pl\/wp-content\/uploads\/2024\/09\/442499919_417872767799048_7396091968380389483_n.jpg 1153w, https:\/\/sknunmanned.polsl.pl\/wp-content\/uploads\/2024\/09\/442499919_417872767799048_7396091968380389483_n-169x300.jpg 169w, https:\/\/sknunmanned.polsl.pl\/wp-content\/uploads\/2024\/09\/442499919_417872767799048_7396091968380389483_n-577x1024.jpg 577w, https:\/\/sknunmanned.polsl.pl\/wp-content\/uploads\/2024\/09\/442499919_417872767799048_7396091968380389483_n-768x1364.jpg 768w, https:\/\/sknunmanned.polsl.pl\/wp-content\/uploads\/2024\/09\/442499919_417872767799048_7396091968380389483_n-865x1536.jpg 865w\" sizes=\"auto, (max-width: 1153px) 100vw, 1153px\" \/><\/figure><\/li><\/ul><a class=\"wp-block-jetpack-slideshow_button-prev swiper-button-prev swiper-button-white\" role=\"button\"><\/a><a class=\"wp-block-jetpack-slideshow_button-next swiper-button-next swiper-button-white\" role=\"button\"><\/a><a aria-label=\"Pause Slideshow\" class=\"wp-block-jetpack-slideshow_button-pause\" role=\"button\"><\/a><div class=\"wp-block-jetpack-slideshow_pagination swiper-pagination swiper-pagination-white\"><\/div><\/div><\/div>\n\n\n\n<p>W dniach 17-19 maja 2024 cz\u0142onkowie SKN Unmanned uczestniczyli w <strong>Hackathon AviaTech Challenge w Mielcu<\/strong>. Zesp\u00f3\u0142 w sk\u0142adzie: Rafa\u0142 Solecki, Patrycja O\u0142ubek, Konrad Pi\u00f3rkowski, Szymon Dulak, Maja Foryciarz, Mateusz Mucha, Mateusz Pietraszko i Adam Pi\u0142at <strong>zwyci\u0119\u017cy\u0142 w kategorii &#8222;Ekologia transportu lotniczego&#8221; <\/strong>projektem drona zasilanego energi\u0105 s\u0142oneczn\u0105.<\/p>\n\n\n\n<figure class=\"wp-block-image aligncenter size-large is-resized\"><img loading=\"lazy\" decoding=\"async\" width=\"856\" height=\"746\" src=\"https:\/\/sknunmanned.polsl.pl\/wp-content\/uploads\/2024\/09\/zrzut-ekranu-2024-09-13-o-18.22.24.png?w=856\" alt=\"\" class=\"wp-image-65\" style=\"width:701px;height:auto\" srcset=\"https:\/\/sknunmanned.polsl.pl\/wp-content\/uploads\/2024\/09\/zrzut-ekranu-2024-09-13-o-18.22.24.png 856w, https:\/\/sknunmanned.polsl.pl\/wp-content\/uploads\/2024\/09\/zrzut-ekranu-2024-09-13-o-18.22.24-300x261.png 300w, https:\/\/sknunmanned.polsl.pl\/wp-content\/uploads\/2024\/09\/zrzut-ekranu-2024-09-13-o-18.22.24-768x669.png 768w\" sizes=\"auto, (max-width: 856px) 100vw, 856px\" \/><\/figure>\n\n\n\n<p>W trakcie <strong>Tygodnia Latania w dniach 27.05 &#8211; 02.06.2024<\/strong> zorganizowanego w ramach inicjatywy Europejskie Miasto Nauki &#8211; Katowice 2024 <strong>SKN UNMANNED by\u0142o obecne<\/strong> podczas wszystkich wydarze\u0144 prezentuj\u0105c Bezza\u0142ogowe Statki Powietrzne, a cz\u0142onkowie ko\u0142a odpowiadali na liczne pytania odwiedzaj\u0105cych go\u015bci.<\/p>\n\n\n\n<figure class=\"wp-block-image size-large\"><img loading=\"lazy\" decoding=\"async\" width=\"1170\" height=\"936\" src=\"https:\/\/sknunmanned.polsl.pl\/wp-content\/uploads\/2024\/09\/zrzut-ekranu-2024-09-13-o-18.52.33.png?w=1024\" alt=\"\" class=\"wp-image-79\" srcset=\"https:\/\/sknunmanned.polsl.pl\/wp-content\/uploads\/2024\/09\/zrzut-ekranu-2024-09-13-o-18.52.33.png 1170w, https:\/\/sknunmanned.polsl.pl\/wp-content\/uploads\/2024\/09\/zrzut-ekranu-2024-09-13-o-18.52.33-300x240.png 300w, https:\/\/sknunmanned.polsl.pl\/wp-content\/uploads\/2024\/09\/zrzut-ekranu-2024-09-13-o-18.52.33-1024x819.png 1024w, https:\/\/sknunmanned.polsl.pl\/wp-content\/uploads\/2024\/09\/zrzut-ekranu-2024-09-13-o-18.52.33-768x614.png 768w\" sizes=\"auto, (max-width: 1170px) 100vw, 1170px\" \/><\/figure>\n\n\n\n<p>Dzi\u0119ki uprzejmo\u015bci naszego Partnera &#8211; <strong>&#8222;SKYPORT&#8221; Bran\u017cowe Centrum Umiej\u0119tno\u015bci w Katowicach<\/strong> w dniach 11 &#8211; 16.06.2024 cz\u0142onkowie SKN UNMANNED realizowali <strong>szkolenie do uprawnie\u0144 pilota dron\u00f3w NSTS &#8211; 01<\/strong>. Dzi\u0119ki uzyskaniu tych uprawnie\u0144 mamy mo\u017cliwo\u015b\u0107 realizacji projekt\u00f3w m.in. wi\u0119kszymi dronami lub w przestrzeni lotniska Gliwice-Trynek.<\/p>\n\n\n\n<figure class=\"wp-block-jetpack-image-compare\"><div class=\"juxtapose\" data-mode=\"horizontal\"><img loading=\"lazy\" decoding=\"async\" id=\"113\" src=\"https:\/\/sknunmanned.polsl.pl\/wp-content\/uploads\/2024\/09\/dji_20240613130603_0006_t.jpg\" alt=\"\" width=\"1280\" height=\"1024\" class=\"image-compare__image-before\" \/><img loading=\"lazy\" decoding=\"async\" id=\"114\" src=\"https:\/\/sknunmanned.polsl.pl\/wp-content\/uploads\/2024\/09\/dji_20240613130506_0003_w.jpg\" alt=\"\" width=\"4000\" height=\"3000\" class=\"image-compare__image-after\" \/><\/div><\/figure>\n\n\n\n<p>Kolejny rok akademicki pracy naszego ko\u0142a (2024\/2025) to mn\u00f3stwo wydarze\u0144, konferencji i wyzwa\u0144 stoj\u0105cych przed Cz\u0142onkami SKN UNMANNED. Reprezentowali\u015bmy uczelni\u0119 na wielu <strong>wydarzeniach<\/strong> jak: In\u017cynierskie Targi Pracy,  Targi Edukacja czy Dni Otwarte Uczelni i Wydzia\u0142u; przyj\u0119li\u015bmy wielu <strong>nowych cz\u0142onk\u00f3w<\/strong>; wyst\u0105pili\u015bmy na <strong>konferencjach naukowych<\/strong> w D\u0119blinie, Poznaniu, Gliwicach, Katowicach oraz w Szczyrku. <\/p>\n\n\n\n<figure class=\"wp-block-image aligncenter size-large is-resized\"><img loading=\"lazy\" decoding=\"async\" width=\"1206\" height=\"1189\" src=\"https:\/\/sknunmanned.polsl.pl\/wp-content\/uploads\/2025\/02\/img_0737.jpeg?w=1024\" alt=\"\" class=\"wp-image-237\" style=\"aspect-ratio:1.014883446979136;width:333px;height:auto\" srcset=\"https:\/\/sknunmanned.polsl.pl\/wp-content\/uploads\/2025\/02\/img_0737.jpeg 1206w, https:\/\/sknunmanned.polsl.pl\/wp-content\/uploads\/2025\/02\/img_0737-300x296.jpeg 300w, https:\/\/sknunmanned.polsl.pl\/wp-content\/uploads\/2025\/02\/img_0737-1024x1010.jpeg 1024w, https:\/\/sknunmanned.polsl.pl\/wp-content\/uploads\/2025\/02\/img_0737-768x757.jpeg 768w\" sizes=\"auto, (max-width: 1206px) 100vw, 1206px\" \/><\/figure>\n\n\n\n<p>Nasz projekt zastosowa\u0144 BSP w energetyce zosta\u0142 wyr\u00f3\u017cniony nagrod\u0105 <strong>&#8222;Projekt Badawczy Roku&#8221;<\/strong> podczas Gali \u015arodowiska Studenckiego P\u015a \u201eZ\u0119batki\u201d 2025, 08.02.2025 w \u0141a\u017ani \u0141a\u0144cuszkowej Sztolni Kr\u00f3lowa Luiza w Zabrze. <\/p>\n\n\n\n<figure class=\"wp-block-image aligncenter size-large is-resized\"><img decoding=\"async\" src=\"https:\/\/sknunmanned.polsl.pl\/wp-content\/uploads\/2025\/05\/img_1448.jpeg?w=755\" alt=\"\" class=\"wp-image-301\" style=\"aspect-ratio:0.7380438543022355;width:394px;height:auto\" \/><\/figure>\n\n\n\n<p>W marcu 2025 3 cz\u0142onk\u00f3w SKN UNMANNED uzyska\u0142o uprawnienia europejskiej <strong>STS-01 i STS-02<\/strong> pozwalaj\u0105ce na loty<strong> VLOS i BVLOS<\/strong> w kategorii specjalnej. <\/p>\n\n\n\n<figure class=\"wp-block-image aligncenter size-large is-resized\"><img decoding=\"async\" src=\"https:\/\/unmannedpolsl.wordpress.com\/wp-content\/uploads\/2025\/05\/img_0408.jpeg?w=1024\" alt=\"\" class=\"wp-image-303\" style=\"width:455px;height:auto\" \/><\/figure>\n\n\n\n<p>W tym samym miesi\u0105cu cz\u0142onkowie SKN UNMANNED (Maja Foryciarz, Adam Tomaszewski oraz Patrycja O\u0142ubek) rozpocz\u0119li realizacj\u0119 pierwszego dla SKN <strong>projektu mi\u0119dzynarodowego<\/strong> w ramach inicjatywy PBL. Projekt zrealizowano wsp\u00f3lnie z doktorantami <strong>Uniwersytetu Technicznego w Koszycach<\/strong> (S\u0142owacja).<\/p>\n","protected":false},"excerpt":{"rendered":"<p>Studenckie Ko\u0142o Naukowe UNMANNED powsta\u0142o 01.06.2022 na Wydziale Transportu i In\u017cynierii Lotniczej Politechniki \u015al\u0105skiej w Katowicach. Do cel\u00f3w statutowych ko\u0142a nale\u017c\u0105 m.in. przygotowanie i przeprowadzanie bada\u0144 naukowych w zakresie u\u017cytkowania i rozwoju bezza\u0142ogowych statk\u00f3w powietrznych,&nbsp;autorstwo artyku\u0142\u00f3w popularno-naukowych oraz udzia\u0142 w konferencjach naukowych, poszerzanie wiedzy cz\u0142onk\u00f3w SKN UNMANNED w zakresie zastosowa\u0144 i mo\u017cliwo\u015bci wykorzystania bezza\u0142ogowych statk\u00f3w [&hellip;]<\/p>\n","protected":false},"author":3,"featured_media":0,"parent":0,"menu_order":0,"comment_status":"closed","ping_status":"open","template":"","meta":{"footnotes":""},"class_list":["post-279","page","type-page","status-publish","hentry"],"_links":{"self":[{"href":"https:\/\/sknunmanned.polsl.pl\/index.php?rest_route=\/wp\/v2\/pages\/279","targetHints":{"allow":["GET"]}}],"collection":[{"href":"https:\/\/sknunmanned.polsl.pl\/index.php?rest_route=\/wp\/v2\/pages"}],"about":[{"href":"https:\/\/sknunmanned.polsl.pl\/index.php?rest_route=\/wp\/v2\/types\/page"}],"author":[{"embeddable":true,"href":"https:\/\/sknunmanned.polsl.pl\/index.php?rest_route=\/wp\/v2\/users\/3"}],"replies":[{"embeddable":true,"href":"https:\/\/sknunmanned.polsl.pl\/index.php?rest_route=%2Fwp%2Fv2%2Fcomments&post=279"}],"version-history":[{"count":0,"href":"https:\/\/sknunmanned.polsl.pl\/index.php?rest_route=\/wp\/v2\/pages\/279\/revisions"}],"wp:attachment":[{"href":"https:\/\/sknunmanned.polsl.pl\/index.php?rest_route=%2Fwp%2Fv2%2Fmedia&parent=279"}],"curies":[{"name":"wp","href":"https:\/\/api.w.org\/{rel}","templated":true}]}}