{"id":253,"date":"2025-04-11T11:36:38","date_gmt":"2025-04-11T09:36:38","guid":{"rendered":"https:\/\/unmannedpolsl.wordpress.com\/?page_id=253"},"modified":"2025-04-11T11:36:38","modified_gmt":"2025-04-11T09:36:38","slug":"kalendarium-skn-unmanned","status":"publish","type":"page","link":"https:\/\/sknunmanned.polsl.pl\/?page_id=253","title":{"rendered":"Kalendarium SKN UNMANNED"},"content":{"rendered":"\n<p>Studenckie Ko\u0142o Naukowe UNMANNED zosta\u0142o zarejestrowane (nr rej. RD-280\/2021\/2022) na Wydziale Transportu i In\u017cynierii Lotniczej dnia 01.06.2022 r.<\/p>\n\n\n\n<ol class=\"wp-block-list\">\n<li>17. Noc Naukowc\u00f3w P\u015a, 13.10.2022, Wydzia\u0142 Transportu i In\u017cynierii Lotniczej P\u015a, Katowice<\/li>\n\n\n\n<li>I Mi\u0119dzynarodowy Kongres Jako\u015bci Kszta\u0142cenia (ICEQ), 16.11.2022, Wydzia\u0142 Transportu i In\u017cynierii Lotniczej P\u015a, Katowice<\/li>\n\n\n\n<li>Obchody XX-lecia Wydzia\u0142u Transportu i In\u017cynierii Lotniczej P\u015a, 26.11.2022, Wydzia\u0142 Transportu i In\u017cynierii Lotniczej P\u015a, Katowice<\/li>\n\n\n\n<li>Warsztaty dronowe, 13.01.2023, Wydzia\u0142 Mechaniczno-Technologiczny P\u015a, Gliwice<\/li>\n\n\n\n<li>Warsztaty dronowe, 03.03.2023, Szko\u0142a Podstawowa nr 12 im. I. Paderewskiego, Katowice<\/li>\n\n\n\n<li>XXV Og\u00f3lnopolskie Targi&nbsp;\u201eEdukacja 2023\u201d, 21-22.03.2023, Hala Widowiskowo-Sportowa \u201eSpodek\u201d, Katowice<\/li>\n\n\n\n<li>Dzie\u0144 otwarty Wydzia\u0142u Transportu i In\u017cynierii Lotniczej P\u015a, 26.04.2023, Wydzia\u0142 Transportu i In\u017cynierii Lotniczej P\u015a, Katowice<\/li>\n\n\n\n<li>Festiwal Nauki i Biznesu \u201ePatent na zysk\u201d, 26-27.04.2023, Centrum Inkubacji i Transferu Technologii P\u015a, Gliwice<\/li>\n\n\n\n<li>Noce pod skrzyd\u0142ami, 13-14.05.2023, Lotnisko Gliwice-Trynek, Gliwice<\/li>\n\n\n\n<li>16. Mi\u0119dzynarodowe Targi Wynalazk\u00f3w i Innowacji INTARG 2023, 24-25.05.2023, Mi\u0119dzynarodowe Centrum Kongresowe, Katowice<\/li>\n\n\n\n<li>X Droniada 2023, 01-04.06.2023, Park \u015al\u0105ski, Planetarium \u015al\u0105skie, Lotnisko Katowice-Muchowiec, Chorz\u00f3w, Katowice<\/li>\n\n\n\n<li>V Polski Kongres Mechaniki, 04-07.09.2023, Centrum Edukacyjno-Kongresowe P\u015a, Gliwice<\/li>\n\n\n\n<li>1. Konferencja naukowo-techniczna \u201eNowoczesne metody eksploatacji linii elektroenergetycznych\u201d, 05-07.09.2023, Zak\u0142ad Us\u0142ugowo Handlowy Instalatorstwo i Artyku\u0142y Elektryczne Wi\u015bniewski Nidzica Sp. z o. o., Nidzica&nbsp;<\/li>\n\n\n\n<li>18. Noc Naukowc\u00f3w P\u015a, 07.10.2023, Wydzia\u0142 Transportu i In\u017cynierii Lotniczej P\u015a, Katowice<\/li>\n\n\n\n<li>II&nbsp;Mi\u0119dzynarodowy Kongres Jako\u015bci Kszta\u0142cenia (ICEQ), 18-20.10.2023, Wydzia\u0142 Transportu i In\u017cynierii Lotniczej P\u015a, Katowice<\/li>\n\n\n\n<li>7. \u015al\u0105ski Festiwal Nauki, 09-11.12.2023, Mi\u0119dzynarodowe Centrum Kongresowe, Katowice<\/li>\n\n\n\n<li>XXVI Og\u00f3lnopolskie Targi&nbsp;\u201eEdukacja 2024\u201d, 19-20.03.2024, Hala Widowiskowo-Sportowa \u201eSpodek\u201d, Katowice<\/li>\n\n\n\n<li>Hackathon AviaTech Challenge Mielec 2024, 18-19.05.2024, Hala MOSiR, Mielec&nbsp;<\/li>\n\n\n\n<li>Tydzie\u0144 Latania \u2013 Europejskie Miasto Nauki Katowice 2024, 27.05-02.06.2024, Wydzia\u0142 Transportu i In\u017cynierii Lotniczej P\u015a, MPL Katowice-Pyrzowice, Planetarium \u015al\u0105skie, Lotnisko Katowice-Muchowiec, Lotnisko Gliwice-Trynek, Katowice, Pyrzowice, Chorz\u00f3w, Gliwice<\/li>\n\n\n\n<li>Noc Naukowc\u00f3w w Europejskim Mie\u015bcie Nauki 2024 \u201e\u015al\u0105ska Moc Naukowc\u00f3w\u201d, 12.10.2024, Wydzia\u0142 Transportu i In\u017cynierii Lotniczej P\u015a, Katowice<\/li>\n\n\n\n<li>III Mi\u0119dzynarodowy Kongres Jako\u015bci Kszta\u0142cenia (ICEQ), 23-25.10.2024, Wydzia\u0142 Transportu i In\u017cynierii Lotniczej P\u015a, Katowice<\/li>\n\n\n\n<li>Piknik lotniczy dla dzieci pracownik\u00f3w P\u015a, 16.11.2024, AOSL P\u015a Lotnisko Gliwice-Trynek, Gliwice<\/li>\n\n\n\n<li>Posiedzenie Prezydium i Zgromadzenia Plenarnego Konferencji Rektor\u00f3w Akademickich Szk\u00f3\u0142 Polskich (KRASP), 21.11.2024, Centrum Edukacyjno-Kongresowe P\u015a, Gliwice<\/li>\n\n\n\n<li>Warsztaty dronowe \u2013 Dzie\u0144 Zawod\u00f3w Logistycznych, 25.11.2024, Zesp\u00f3\u0142 Szk\u00f3\u0142 Gastronomicznych im. Gustawa Morcinka, Katowice&nbsp;<\/li>\n\n\n\n<li>VII Mi\u0119dzynarodowa Konferencja Naukowo-Techniczna \u201eZarz\u0105dzanie Bezpiecze\u0144stwem w Technikach, Technologiach i Polityce Transportowej\u201d, 03-05.12.2024, Hotel Skalite, Szczyrk<\/li>\n\n\n\n<li>V konferencja m\u0142odych naukowc\u00f3w zwi\u0105zana z Priorytetowym Obszarem Badawczym 4: Inteligentne miasta i mobilno\u015b\u0107 przysz\u0142o\u015bci (POB4), 11.12.2024, online (organizowana przez Wydzia\u0142 Transportu i In\u017cynierii Lotniczej P\u015a, Katowice)&nbsp;<\/li>\n\n\n\n<li>I Konferencja K\u00f3\u0142 Naukowych P\u015a, 18.12.2024, Centrum Edukacyjno-Kongresowe P\u015a, Gliwice<\/li>\n\n\n\n<li>Gala \u015arodowiska Studenckiego P\u015a \u201eZ\u0119batki\u201d 2025, 08.02.2025, \u0141a\u017ania \u0141a\u0144cuszkowa Sztolni Kr\u00f3lowa Luiza, Zabrze<\/li>\n\n\n\n<li>XII Og\u00f3lnopolski Konkurs Wiedzy Lotniczej \u201eLataj\u0105ca Miot\u0142a Baby Jagi\u201d, 07.03.2025, Technikum nr 4 im. Marii Sk\u0142odowskiej-Curie, Bytom&nbsp;<\/li>\n\n\n\n<li>XXVII Og\u00f3lnopolskie Targi&nbsp;\u201eEdukacja 2025\u201d, 18-19.03.2025, Hala Widowiskowo-Sportowa \u201eSpodek\u201d, Katowice<\/li>\n\n\n\n<li>31. Wiosenne In\u017cynierskie Targi Pracy i Przedsi\u0119biorczo\u015bci P\u015a, 24.03.2025, Hala \u201eNowa\u201d O\u015brodka Sportu P\u015a, Gliwice<\/li>\n\n\n\n<li>Konferencja Studencka Skrzyd\u0142a Lotnictwa 2025, 25.03.2025, Centrum Wyk\u0142adowe Politechniki Pozna\u0144skiej, Pozna\u0144&nbsp;<\/li>\n\n\n\n<li>Dni Otwarte P\u015a, 03.04.2025, Wydzia\u0142 Transportu i In\u017cynierii Lotniczej P\u015a, Katowice<\/li>\n\n\n\n<li>Dzie\u0144 Wydzia\u0142u i Dzie\u0144 z Pracodawc\u0105, 09.04.2025, Wydzia\u0142 Transportu i In\u017cynierii Lotniczej P\u015a, Katowice<\/li>\n\n\n\n<li>Dni Nauki Politechniki \u015al\u0105skiej, 11.04.2025, Centrum Edukacyjno-Kongresowe P\u015a, Gliwice<\/li>\n\n\n\n<li>Konferencja Naukowa &#8222;NC2025 \u2013 Rola nawigacji w transporcie lotniczym, morskim i l\u0105dowym&#8221;, 14-16.05.2025, Lotnicza Akademia Wojskowa, D\u0119blin<\/li>\n\n\n\n<li>II Konferencja K\u00f3\u0142 Naukowych P\u015a, 21.05.2025, Centrum Edukacyjno-Kongresowe P\u015a, Gliwice<\/li>\n\n\n\n<li>\u015awi\u0119to 80-lecia Politechniki \u015al\u0105skiej, 22.05.2025, Centrum Edukacyjno-Kongresowe P\u015a, Gliwice<\/li>\n<\/ol>\n","protected":false},"excerpt":{"rendered":"<p>Studenckie Ko\u0142o Naukowe UNMANNED zosta\u0142o zarejestrowane (nr rej. RD-280\/2021\/2022) na Wydziale Transportu i In\u017cynierii Lotniczej dnia 01.06.2022 r.<\/p>\n","protected":false},"author":3,"featured_media":0,"parent":0,"menu_order":0,"comment_status":"closed","ping_status":"closed","template":"","meta":{"footnotes":""},"class_list":["post-253","page","type-page","status-publish","hentry"],"_links":{"self":[{"href":"https:\/\/sknunmanned.polsl.pl\/index.php?rest_route=\/wp\/v2\/pages\/253","targetHints":{"allow":["GET"]}}],"collection":[{"href":"https:\/\/sknunmanned.polsl.pl\/index.php?rest_route=\/wp\/v2\/pages"}],"about":[{"href":"https:\/\/sknunmanned.polsl.pl\/index.php?rest_route=\/wp\/v2\/types\/page"}],"author":[{"embeddable":true,"href":"https:\/\/sknunmanned.polsl.pl\/index.php?rest_route=\/wp\/v2\/users\/3"}],"replies":[{"embeddable":true,"href":"https:\/\/sknunmanned.polsl.pl\/index.php?rest_route=%2Fwp%2Fv2%2Fcomments&post=253"}],"version-history":[{"count":0,"href":"https:\/\/sknunmanned.polsl.pl\/index.php?rest_route=\/wp\/v2\/pages\/253\/revisions"}],"wp:attachment":[{"href":"https:\/\/sknunmanned.polsl.pl\/index.php?rest_route=%2Fwp%2Fv2%2Fmedia&parent=253"}],"curies":[{"name":"wp","href":"https:\/\/api.w.org\/{rel}","templated":true}]}}