{"id":174,"date":"2024-09-16T09:38:36","date_gmt":"2024-09-16T07:38:36","guid":{"rendered":"https:\/\/unmannedpolsl.wordpress.com\/?page_id=174"},"modified":"2024-09-16T09:38:36","modified_gmt":"2024-09-16T07:38:36","slug":"projekt-lotnisko","status":"publish","type":"page","link":"https:\/\/sknunmanned.polsl.pl\/?page_id=174","title":{"rendered":"Badanie r\u00f3\u017cnicy temperatur wyst\u0119puj\u0105cej mi\u0119dzy r\u00f3\u017cnymi rodzajami nawierzchni na terenie lotniska, przy uj\u0119ciu zmian warunk\u00f3w pogodowych."},"content":{"rendered":"\n<figure class=\"wp-block-image size-large\"><img loading=\"lazy\" decoding=\"async\" width=\"1500\" height=\"1000\" src=\"https:\/\/sknunmanned.polsl.pl\/wp-content\/uploads\/2024\/09\/cb0e3024-7d17-4125-a37f-869a6db2a3d5.jpg?w=1024\" alt=\"\" class=\"wp-image-175\" srcset=\"https:\/\/sknunmanned.polsl.pl\/wp-content\/uploads\/2024\/09\/cb0e3024-7d17-4125-a37f-869a6db2a3d5.jpg 1500w, https:\/\/sknunmanned.polsl.pl\/wp-content\/uploads\/2024\/09\/cb0e3024-7d17-4125-a37f-869a6db2a3d5-300x200.jpg 300w, https:\/\/sknunmanned.polsl.pl\/wp-content\/uploads\/2024\/09\/cb0e3024-7d17-4125-a37f-869a6db2a3d5-1024x683.jpg 1024w, https:\/\/sknunmanned.polsl.pl\/wp-content\/uploads\/2024\/09\/cb0e3024-7d17-4125-a37f-869a6db2a3d5-768x512.jpg 768w\" sizes=\"auto, (max-width: 1500px) 100vw, 1500px\" \/><figcaption class=\"wp-element-caption\">\u017ar\u00f3d\u0142o: polsl.pl<\/figcaption><\/figure>\n\n\n\n<h3 class=\"wp-block-heading\">Zasadniczym celem projektu jest wykonanie mapy termowizyjnej lotniska Gliwice &#8211; Trynek i jej interpretacja celem wypracowania zalece\u0144 poprawiaj\u0105cych bezpiecze\u0144stwo wykonywania lot\u00f3w szkolnych. <\/h3>\n\n\n\n<p>Najniebezpieczniejszymi fazami lotu ka\u017cdego statku powietrznego jest start i l\u0105dowanie. Wynika to zar\u00f3wno z ilo\u015bci czynno\u015bci, ich koordynacji i szeroko poj\u0119tego obci\u0105\u017cenia pilot\u00f3w, jak r\u00f3wnie\u017c z wysoko\u015bci i pr\u0119dko\u015bci statk\u00f3w powietrznych. <\/p>\n\n\n\n<p>To w\u0142a\u015bnie nauka start\u00f3w i l\u0105dowa\u0144 stanowi trzon szkolenia lotniczego. W celu usystematyzowania ruchu w rejonie lotnisk w szczeg\u00f3lno\u015bci tych niekontrolowanych, gdzie to piloci s\u0105 odpowiedzialni za zachowanie separacji mi\u0119dzy statkami powietrznymi wprowadzono sta\u0142y schemat ruchu &#8211; kr\u0105g nadlotniskowy. <\/p>\n\n\n\n<figure class=\"wp-block-image aligncenter size-large is-resized\"><img loading=\"lazy\" decoding=\"async\" width=\"1196\" height=\"1316\" src=\"https:\/\/sknunmanned.polsl.pl\/wp-content\/uploads\/2024\/09\/zrzut-ekranu-2024-09-16-o-09.08.46.png?w=931\" alt=\"\" class=\"wp-image-177\" style=\"width:475px;height:auto\" srcset=\"https:\/\/sknunmanned.polsl.pl\/wp-content\/uploads\/2024\/09\/zrzut-ekranu-2024-09-16-o-09.08.46.png 1196w, https:\/\/sknunmanned.polsl.pl\/wp-content\/uploads\/2024\/09\/zrzut-ekranu-2024-09-16-o-09.08.46-273x300.png 273w, https:\/\/sknunmanned.polsl.pl\/wp-content\/uploads\/2024\/09\/zrzut-ekranu-2024-09-16-o-09.08.46-931x1024.png 931w, https:\/\/sknunmanned.polsl.pl\/wp-content\/uploads\/2024\/09\/zrzut-ekranu-2024-09-16-o-09.08.46-768x845.png 768w\" sizes=\"auto, (max-width: 1196px) 100vw, 1196px\" \/><figcaption class=\"wp-element-caption\">\u017ar\u00f3d\u0142o: Instrukcja Operacyjna Lotniska Gliwice &#8211; EPGL<\/figcaption><\/figure>\n\n\n\n<p>Standardow\u0105 wysoko\u015bci\u0105 kr\u0119gu jest 1000 ft AGL (300 m nad terenem) &#8211; dotyczy to tzw. pozycji &#8222;z wiatrem&#8221;, czyli odcinka przebiegaj\u0105cego r\u00f3wnolegle do pasa w u\u017cyciu. W pozosta\u0142ych przypadkach wysoko\u015b\u0107 ta jest ni\u017csza, a co za tym idzie potencjalny zapas wysoko\u015bci w razie jej utraty jest mniejszy. W dodatku zmniejszeniu ulega r\u00f3wnie\u017c pr\u0119dko\u015b\u0107, kt\u00f3ra w krytycznym momencie mog\u0142aby zapewni\u0107 mo\u017cliwo\u015b\u0107 szybszego wznoszenia i odbudowania wysoko\u015bci. <\/p>\n\n\n\n<p>Utrata wysoko\u015bci nisko przelatuj\u0105cych statk\u00f3w powietrznych w wi\u0119kszo\u015bci spowodowana jest przez unoszenie ogrzewaj\u0105cego si\u0119 powietrza. Mechanizm powstawania takiej turbulencji jest stosunkowo prosty:<\/p>\n\n\n\n<ol class=\"wp-block-list\">\n<li>Promieniowanie s\u0142oneczne dociera do pod\u0142o\u017ca (gruntu) i je ogrzewa. <\/li>\n\n\n\n<li>Pod\u0142o\u017ce wypromieniowuje ciep\u0142o, chc\u0105c wyr\u00f3wna\u0107 temperatur\u0119 powietrza w strefie przyziemnej z temperatur\u0105 ogrzanej gleby. <\/li>\n\n\n\n<li>W wyniku ogrzewania g\u0119sto\u015b\u0107 powietrza przy ziemi ro\u015bnie, dzi\u0119ki czemu cieplejsze masy powietrza unosz\u0105 si\u0119, a do ziemi opadaj\u0105 zimniejsze masy &#8211; dzieje si\u0119 tak, a\u017c do wyr\u00f3wnania temperatur powietrza i pod\u0142o\u017ca. <\/li>\n\n\n\n<li>W wyniku ruch\u00f3w pionowych powietrza (konwekcji) zaburzony zostaje naturalny uk\u0142ad poziomych warstw w powietrzu (przep\u0142yw laminarny) i przep\u0142yw staje si\u0119 turbulentnym &#8211; zaburzonym. <\/li>\n<\/ol>\n\n\n\n<p>W takiej sytuacji w trakcie przelotu przez zaburzone powietrze mo\u017ce dochodzi\u0107 do niekontrolowanych spadk\u00f3w lub wzrost\u00f3w wysoko\u015bci lotu, dlatego te\u017c tak kluczowym z punktu widzenia bezpiecze\u0144stwa jest aproksymacja takich zdarze\u0144, identyfikacja miejsc gdzie mog\u0105 one wyst\u0119powa\u0107 i ostrzeganie pilot\u00f3w przed takimi sytuacjami. Mo\u017cliwym jest wypracowanie odpowiednich zasad i sugestii dla pilot\u00f3w czy instruktor\u00f3w, ale r\u00f3wnie\u017c \u015bledzenie w czasie rzeczywistym takich ruch\u00f3w na podstawie modeli matematycznych. <\/p>\n\n\n\n<figure class=\"wp-block-image size-large\"><img decoding=\"async\" src=\"https:\/\/sknunmanned.polsl.pl\/wp-content\/uploads\/2024\/12\/zrzut-ekranu-2024-12-13-o-11.06.45.png?w=1024\" alt=\"\" class=\"wp-image-216\" \/><\/figure>\n\n\n\n<p>Mapa 1. Oblot wykonany 26.11.2024. <\/p>\n\n\n\n<figure class=\"wp-block-gallery has-nested-images columns-default is-cropped wp-block-gallery-1 is-layout-flex wp-block-gallery-is-layout-flex\">\n<figure class=\"wp-block-image size-large\"><img loading=\"lazy\" decoding=\"async\" width=\"1280\" height=\"1024\" data-id=\"217\" src=\"https:\/\/sknunmanned.polsl.pl\/wp-content\/uploads\/2024\/12\/dji_20241126133826_0110_t.jpg?w=1024\" alt=\"\" class=\"wp-image-217\" srcset=\"https:\/\/sknunmanned.polsl.pl\/wp-content\/uploads\/2024\/12\/dji_20241126133826_0110_t.jpg 1280w, https:\/\/sknunmanned.polsl.pl\/wp-content\/uploads\/2024\/12\/dji_20241126133826_0110_t-300x240.jpg 300w, https:\/\/sknunmanned.polsl.pl\/wp-content\/uploads\/2024\/12\/dji_20241126133826_0110_t-1024x819.jpg 1024w, https:\/\/sknunmanned.polsl.pl\/wp-content\/uploads\/2024\/12\/dji_20241126133826_0110_t-768x614.jpg 768w\" sizes=\"auto, (max-width: 1280px) 100vw, 1280px\" \/><figcaption class=\"wp-element-caption\">26L Termowizja<\/figcaption><\/figure>\n\n\n\n<figure class=\"wp-block-image size-large\"><img decoding=\"async\" data-id=\"218\" src=\"https:\/\/sknunmanned.polsl.pl\/wp-content\/uploads\/2024\/12\/dji_20241126133825_0110_w.jpg?w=1024\" alt=\"\" class=\"wp-image-218\" \/><figcaption class=\"wp-element-caption\">26L RGB<\/figcaption><\/figure>\n\n\n\n<figure class=\"wp-block-image size-large\"><img loading=\"lazy\" decoding=\"async\" width=\"1280\" height=\"1024\" data-id=\"219\" src=\"https:\/\/sknunmanned.polsl.pl\/wp-content\/uploads\/2024\/12\/dji_20241126133511_0027_t.jpg?w=1024\" alt=\"\" class=\"wp-image-219\" srcset=\"https:\/\/sknunmanned.polsl.pl\/wp-content\/uploads\/2024\/12\/dji_20241126133511_0027_t.jpg 1280w, https:\/\/sknunmanned.polsl.pl\/wp-content\/uploads\/2024\/12\/dji_20241126133511_0027_t-300x240.jpg 300w, https:\/\/sknunmanned.polsl.pl\/wp-content\/uploads\/2024\/12\/dji_20241126133511_0027_t-1024x819.jpg 1024w, https:\/\/sknunmanned.polsl.pl\/wp-content\/uploads\/2024\/12\/dji_20241126133511_0027_t-768x614.jpg 768w\" sizes=\"auto, (max-width: 1280px) 100vw, 1280px\" \/><figcaption class=\"wp-element-caption\">08R Termowizja<\/figcaption><\/figure>\n\n\n\n<figure class=\"wp-block-image size-large\"><img decoding=\"async\" data-id=\"220\" src=\"https:\/\/sknunmanned.polsl.pl\/wp-content\/uploads\/2024\/12\/dji_20241126133511_0027_w.jpg?w=1024\" alt=\"\" class=\"wp-image-220\" \/><figcaption class=\"wp-element-caption\">08R RGB<\/figcaption><\/figure>\n\n\n\n<figure class=\"wp-block-image size-large\"><img decoding=\"async\" data-id=\"221\" src=\"https:\/\/sknunmanned.polsl.pl\/wp-content\/uploads\/2024\/12\/dji_20241126133544_0041_w.jpg?w=1024\" alt=\"\" class=\"wp-image-221\" \/><figcaption class=\"wp-element-caption\">\u015arodek DS RGB<\/figcaption><\/figure>\n\n\n\n<figure class=\"wp-block-image size-large\"><img loading=\"lazy\" decoding=\"async\" width=\"1280\" height=\"1024\" data-id=\"222\" src=\"https:\/\/sknunmanned.polsl.pl\/wp-content\/uploads\/2024\/12\/dji_20241126133546_0042_t.jpg?w=1024\" alt=\"\" class=\"wp-image-222\" srcset=\"https:\/\/sknunmanned.polsl.pl\/wp-content\/uploads\/2024\/12\/dji_20241126133546_0042_t.jpg 1280w, https:\/\/sknunmanned.polsl.pl\/wp-content\/uploads\/2024\/12\/dji_20241126133546_0042_t-300x240.jpg 300w, https:\/\/sknunmanned.polsl.pl\/wp-content\/uploads\/2024\/12\/dji_20241126133546_0042_t-1024x819.jpg 1024w, https:\/\/sknunmanned.polsl.pl\/wp-content\/uploads\/2024\/12\/dji_20241126133546_0042_t-768x614.jpg 768w\" sizes=\"auto, (max-width: 1280px) 100vw, 1280px\" \/><figcaption class=\"wp-element-caption\">\u015arodek DS Termowizja<\/figcaption><\/figure>\n\n\n\n<figure class=\"wp-block-image size-large\"><img decoding=\"async\" data-id=\"223\" src=\"https:\/\/sknunmanned.polsl.pl\/wp-content\/uploads\/2024\/12\/dji_20241126133805_0101_w.jpg?w=1024\" alt=\"\" class=\"wp-image-223\" \/><figcaption class=\"wp-element-caption\">THR 26L RGB<\/figcaption><\/figure>\n\n\n\n<figure class=\"wp-block-image size-large\"><img loading=\"lazy\" decoding=\"async\" width=\"1280\" height=\"1024\" data-id=\"224\" src=\"https:\/\/sknunmanned.polsl.pl\/wp-content\/uploads\/2024\/12\/dji_20241126133807_0102_t.jpg?w=1024\" alt=\"\" class=\"wp-image-224\" srcset=\"https:\/\/sknunmanned.polsl.pl\/wp-content\/uploads\/2024\/12\/dji_20241126133807_0102_t.jpg 1280w, https:\/\/sknunmanned.polsl.pl\/wp-content\/uploads\/2024\/12\/dji_20241126133807_0102_t-300x240.jpg 300w, https:\/\/sknunmanned.polsl.pl\/wp-content\/uploads\/2024\/12\/dji_20241126133807_0102_t-1024x819.jpg 1024w, https:\/\/sknunmanned.polsl.pl\/wp-content\/uploads\/2024\/12\/dji_20241126133807_0102_t-768x614.jpg 768w\" sizes=\"auto, (max-width: 1280px) 100vw, 1280px\" \/><figcaption class=\"wp-element-caption\">THR 26L Termowizja<\/figcaption><\/figure>\n<\/figure>\n\n\n\n<h4 class=\"wp-block-heading has-text-align-center\">Projekt zako\u0144czony. (stycze\u0144 2025)<\/h4>\n\n\n\n<div data-wp-interactive=\"core\/file\" class=\"wp-block-file\"><object data-wp-bind--hidden=\"!state.hasPdfPreview\" hidden class=\"wp-block-file__embed\" data=\"https:\/\/unmannedpolsl.wordpress.com\/wp-content\/uploads\/2025\/01\/1.-termowizja-w-bsp-dla-ga-bez-tel.pdf\" type=\"application\/pdf\" style=\"width:100%;height:600px\" aria-label=\"Osadzone z Prezentacja wynik\u00f3w projektu podczas VII Mi\u0119dzynarodowej Konferencji Naukowo-technicznej w Szczyrku (03-05.12.2024).\"><\/object><a id=\"wp-block-file--media-f50758af-6a75-4b3a-8eeb-41af5df5f631\" href=\"https:\/\/unmannedpolsl.wordpress.com\/wp-content\/uploads\/2025\/01\/1.-termowizja-w-bsp-dla-ga-bez-tel.pdf\">Prezentacja wynik\u00f3w projektu podczas VII Mi\u0119dzynarodowej Konferencji Naukowo-technicznej w Szczyrku (03-05.12.2024)<\/a><a href=\"https:\/\/unmannedpolsl.wordpress.com\/wp-content\/uploads\/2025\/01\/1.-termowizja-w-bsp-dla-ga-bez-tel.pdf\" class=\"wp-block-file__button wp-element-button\" download aria-describedby=\"wp-block-file--media-f50758af-6a75-4b3a-8eeb-41af5df5f631\">Pobierz<\/a><\/div>\n\n\n\n<p>Projekt realizowany i finansowany w ramach programu <strong>XI konkursu na realizacj\u0119 kszta\u0142cenia zorientowanego projektowo odbywaj\u0105cego si\u0119 w formie projektu PBL Politechniki \u015al\u0105skiej.<\/strong> <\/p>\n\n\n\n<div data-wp-interactive=\"core\/file\" class=\"wp-block-file\"><object data-wp-bind--hidden=\"!state.hasPdfPreview\" hidden class=\"wp-block-file__embed\" data=\"https:\/\/unmannedpolsl.wordpress.com\/wp-content\/uploads\/2025\/01\/prezentacja-w-formie-pbl-2024.pdf\" type=\"application\/pdf\" style=\"width:100%;height:600px\" aria-label=\"Osadzone z Prezentacja PBL 2024.\"><\/object><a id=\"wp-block-file--media-cb6c209f-7f34-42dc-b86b-b4e9f9384fc1\" href=\"https:\/\/unmannedpolsl.wordpress.com\/wp-content\/uploads\/2025\/01\/prezentacja-w-formie-pbl-2024.pdf\">Prezentacja PBL 2024<\/a><a href=\"https:\/\/unmannedpolsl.wordpress.com\/wp-content\/uploads\/2025\/01\/prezentacja-w-formie-pbl-2024.pdf\" class=\"wp-block-file__button wp-element-button\" download aria-describedby=\"wp-block-file--media-cb6c209f-7f34-42dc-b86b-b4e9f9384fc1\">Pobierz<\/a><\/div>\n\n\n\n<p><em>Opiekunowie naukowi projektu: Dr hab. in\u017c. Marek Marcisz, prof. P\u015a; Dr in\u017c. Robert Wiesza\u0142a; Dr in\u017c.\u00a0Dariusz\u00a0Myszor. <\/em><\/p>\n\n\n\n<hr class=\"wp-block-separator has-alpha-channel-opacity\" \/>\n\n\n\n<figure class=\"wp-block-image aligncenter size-large is-resized\"><img loading=\"lazy\" decoding=\"async\" width=\"1089\" height=\"335\" src=\"https:\/\/sknunmanned.polsl.pl\/wp-content\/uploads\/2024\/09\/esri_polska_emblem_tag-r_srgb.png?w=1024\" alt=\"\" class=\"wp-image-48\" style=\"width:404px;height:auto\" srcset=\"https:\/\/sknunmanned.polsl.pl\/wp-content\/uploads\/2024\/09\/esri_polska_emblem_tag-r_srgb.png 1089w, https:\/\/sknunmanned.polsl.pl\/wp-content\/uploads\/2024\/09\/esri_polska_emblem_tag-r_srgb-300x92.png 300w, https:\/\/sknunmanned.polsl.pl\/wp-content\/uploads\/2024\/09\/esri_polska_emblem_tag-r_srgb-1024x315.png 1024w, https:\/\/sknunmanned.polsl.pl\/wp-content\/uploads\/2024\/09\/esri_polska_emblem_tag-r_srgb-768x236.png 768w\" sizes=\"auto, (max-width: 1089px) 100vw, 1089px\" \/><\/figure>\n\n\n\n<p class=\"has-text-align-center\">Partnerem projektu jest ESRI Polska Sp. z o.o.<\/p>\n","protected":false},"excerpt":{"rendered":"<p>Zasadniczym celem projektu jest wykonanie mapy termowizyjnej lotniska Gliwice &#8211; Trynek i jej interpretacja celem wypracowania zalece\u0144 poprawiaj\u0105cych bezpiecze\u0144stwo wykonywania lot\u00f3w szkolnych. Najniebezpieczniejszymi fazami lotu ka\u017cdego statku powietrznego jest start i l\u0105dowanie. Wynika to zar\u00f3wno z ilo\u015bci czynno\u015bci, ich koordynacji i szeroko poj\u0119tego obci\u0105\u017cenia pilot\u00f3w, jak r\u00f3wnie\u017c z wysoko\u015bci i pr\u0119dko\u015bci statk\u00f3w powietrznych. To w\u0142a\u015bnie [&hellip;]<\/p>\n","protected":false},"author":3,"featured_media":0,"parent":0,"menu_order":0,"comment_status":"closed","ping_status":"closed","template":"","meta":{"footnotes":""},"class_list":["post-174","page","type-page","status-publish","hentry"],"_links":{"self":[{"href":"https:\/\/sknunmanned.polsl.pl\/index.php?rest_route=\/wp\/v2\/pages\/174","targetHints":{"allow":["GET"]}}],"collection":[{"href":"https:\/\/sknunmanned.polsl.pl\/index.php?rest_route=\/wp\/v2\/pages"}],"about":[{"href":"https:\/\/sknunmanned.polsl.pl\/index.php?rest_route=\/wp\/v2\/types\/page"}],"author":[{"embeddable":true,"href":"https:\/\/sknunmanned.polsl.pl\/index.php?rest_route=\/wp\/v2\/users\/3"}],"replies":[{"embeddable":true,"href":"https:\/\/sknunmanned.polsl.pl\/index.php?rest_route=%2Fwp%2Fv2%2Fcomments&post=174"}],"version-history":[{"count":0,"href":"https:\/\/sknunmanned.polsl.pl\/index.php?rest_route=\/wp\/v2\/pages\/174\/revisions"}],"wp:attachment":[{"href":"https:\/\/sknunmanned.polsl.pl\/index.php?rest_route=%2Fwp%2Fv2%2Fmedia&parent=174"}],"curies":[{"name":"wp","href":"https:\/\/api.w.org\/{rel}","templated":true}]}}